{"id":244,"date":"2021-05-12T22:21:18","date_gmt":"2021-05-12T22:21:18","guid":{"rendered":"https:\/\/preview.treethemes.com\/hazel\/demo11\/?page_id=244"},"modified":"2024-03-08T10:02:36","modified_gmt":"2024-03-08T10:02:36","slug":"about","status":"publish","type":"page","link":"https:\/\/www.allinallproject.com\/index.php\/about\/","title":{"rendered":"Who we are"},"content":{"rendered":"<div class=\"wpb-content-wrapper\"><p>[vc_row full_width=&#8221;stretch_row_content_no_spaces&#8221; equal_height=&#8221;yes&#8221; content_placement=&#8221;middle&#8221; bg_type=&#8221;bg_color&#8221; bg_override=&#8221;ex-full&#8221; bg_color_value=&#8221;#f2f2f2&#8243;][vc_column width=&#8221;1\/2&#8243;][vc_single_image image=&#8221;694&#8243; img_size=&#8221;full&#8221;][\/vc_column][vc_column css_animation=&#8221;fadeInUp&#8221; width=&#8221;1\/2&#8243;][vc_row_inner el_class=&#8221;mobile-text-left&#8221;][vc_column_inner width=&#8221;1\/6&#8243;][\/vc_column_inner][vc_column_inner width=&#8221;2\/3&#8243;]<div class=\"ult-spacer spacer-69f579f53a46c\" data-id=\"69f579f53a46c\" data-height=\"\" data-height-mobile=\"40\" data-height-tab=\"\" data-height-tab-portrait=\"\" data-height-mobile-landscape=\"40\" style=\"clear:both;display:block;\"><\/div>[vc_custom_heading text=&#8221;\u015fah yayc\u0131&#8221; font_container=&#8221;tag:h6|text_align:center&#8221; use_theme_fonts=&#8221;yes&#8221;][vc_custom_heading text=&#8221;ALLINALL PROJECT&#8221; font_container=&#8221;tag:h2|text_align:center&#8221; use_theme_fonts=&#8221;yes&#8221;][vc_empty_space height=&#8221;20px&#8221;][vc_column_text]<\/p>\n<p style=\"text-align: center;\">Ge\u00e7mi\u015fte \u015eah\u2019ane Fikirler ad\u0131yla kurdu\u011fu firman\u0131n bir uzant\u0131s\u0131 olan All in All Project isimli \u015firketinde marka ve kurumlarla proje ve fikir odakl\u0131, 360 derece planlama yap\u0131yor<\/p>\n<p>[\/vc_column_text][vc_empty_space height=&#8221;20px&#8221;]<span id=\"creative-link-wrap-9949\" class=\"ult_main_cl ult-adjust-bottom-margin style-ten  vc_custom_1709891625198\" >\n\t \t\t\t<span class=\"ult_cl_link_11  ult_crlink\" >\n\t\t\t\t\t<a  data-ultimate-target='#creative-link-wrap-9949 .ult_colorlink'  data-responsive-json-new='{\"font-size\":\"desktop:12px;\",\"line-height\":\"desktop:16px;\"}'  href=\"#\" title=\"MORE ABOUT US\"  class=\"ult_colorlink ult-responsive \" style=\"font-family:Open Sans;font-weight:600; \"  data-textcolor=\"#ffffff\" data-texthover=\"#000000\"data-style=\"Style_11\">\n\t\t\t\t\t\t<span class=\"ult_link_top ult_btn11_link_top \" style=\"background:#ffcc00;color:#000000;;padding-top: 10px !important;padding-right: 20px !important;padding-bottom: 10px !important;padding-left: 20px !important;\">Detay<\/span>\n\t\t\t\t\t\t<span data-hover=\"Detay\" style=\"color:#ffffff;;background:#000000;;padding-top: 10px !important;padding-right: 20px !important;padding-bottom: 10px !important;padding-left: 20px !important;\" class=\"ult_btn10_span   \">Detay<\/span>\n\t\t\t\t\t\t\n\t\t\t\t\t<\/a>\n\t\t\t\t<\/span>\n\t\t\t<\/span><div class=\"ult-spacer spacer-69f579f53a518\" data-id=\"69f579f53a518\" data-height=\"\" data-height-mobile=\"40\" data-height-tab=\"\" data-height-tab-portrait=\"\" data-height-mobile-landscape=\"40\" style=\"clear:both;display:block;\"><\/div>[\/vc_column_inner][vc_column_inner width=&#8221;1\/6&#8243;][\/vc_column_inner][\/vc_row_inner][\/vc_column][\/vc_row][vc_row css_animation=&#8221;fadeInUp&#8221; bg_type=&#8221;bg_color&#8221; bg_override=&#8221;ex-full&#8221; css=&#8221;.vc_custom_1620855135626{padding-top: 100px !important;padding-bottom: 100px !important;}&#8221; bg_color_value=&#8221;#ffffff&#8221;][vc_column width=&#8221;1\/4&#8243;]<div class=\"stats-block stats-top  \"><div class=\"aio-icon-top\"><div class=\"ult-just-icon-wrapper  \"><div class=\"align-icon\" style=\"text-align:center;\">\n<div class=\"aio-icon advanced \"  style=\"background:#ffffff;border-style:;border-color:#333333;border-width:1px;width:0px;height:0px;line-height:0px;border-radius:500px;font-size:30px;display:inline-block;\">\n\t<i class=\"none\"><\/i>\n<\/div><\/div><\/div><\/div><div class=\"stats-desc\" id=\"counter-responsv-wrap-3224\"><div id=\"counter_425006652469f579f53a6c4\" data-id=\"counter_425006652469f579f53a6c4\"  data-ultimate-target='#counter-responsv-wrap-3224 .stats-number'  data-responsive-json-new='{\"font-size\":\"desktop:50px;\",\"line-height\":\"\"}'  class=\"stats-number ult-responsive\" style=\" color:__USE_THEME_MAIN_COLOR__; font-family:&#039;Hind&#039;;font-weight:500;color:#333333;\" data-speed=\"3\" data-counter-value=\"93250\" data-separator=\"none\" data-decimal=\"none\">0<\/div><div id=\"title-counter_425006652469f579f53a6c4\"  data-ultimate-target='#counter-responsv-wrap-3224 .stats-text'  data-responsive-json-new='{\"font-size\":\"desktop:10px;\",\"line-height\":\"\"}'  class=\"stats-text ult-responsive\" style=\"font-size:px; color:__USE_THEME_MAIN_COLOR__; font-family:&#039;Dosis&#039;;font-weight:600;\">HOURS OF WORK<\/div><\/div><\/div>[\/vc_column][vc_column width=&#8221;1\/4&#8243;]<div class=\"stats-block stats-top  \"><div class=\"aio-icon-top\"><div class=\"ult-just-icon-wrapper  \"><div class=\"align-icon\" style=\"text-align:center;\">\n<div class=\"aio-icon none \"  style=\"font-size:0px;display:inline-block;\">\n\t<i class=\"none\"><\/i>\n<\/div><\/div><\/div><\/div><div class=\"stats-desc\" id=\"counter-responsv-wrap-2444\"><div id=\"counter_247772233869f579f53a751\" data-id=\"counter_247772233869f579f53a751\"  data-ultimate-target='#counter-responsv-wrap-2444 .stats-number'  data-responsive-json-new='{\"font-size\":\"desktop:50px;\",\"line-height\":\"\"}'  class=\"stats-number ult-responsive\" style=\" color:__USE_THEME_MAIN_COLOR__; font-family:&#039;Hind&#039;;font-weight:500;color:#333333;\" data-speed=\"3\" data-counter-value=\"340\" data-separator=\",\" data-decimal=\".\">0<\/div><div id=\"title-counter_247772233869f579f53a751\"  data-ultimate-target='#counter-responsv-wrap-2444 .stats-text'  data-responsive-json-new='{\"font-size\":\"desktop:10px;\",\"line-height\":\"\"}'  class=\"stats-text ult-responsive\" style=\"font-size:px; color:__USE_THEME_MAIN_COLOR__; font-family:&#039;Dosis&#039;;font-weight:600;\">FINISHED WORKS<\/div><\/div><\/div>[\/vc_column][vc_column width=&#8221;1\/4&#8243;]<div class=\"stats-block stats-top  \"><div class=\"aio-icon-top\"><div class=\"ult-just-icon-wrapper  \"><div class=\"align-icon\" style=\"text-align:center;\">\n<div class=\"aio-icon none \"  style=\"font-size:0px;display:inline-block;\">\n\t<i class=\"none\"><\/i>\n<\/div><\/div><\/div><\/div><div class=\"stats-desc\" id=\"counter-responsv-wrap-4267\"><div id=\"counter_111682034869f579f53a7bd\" data-id=\"counter_111682034869f579f53a7bd\"  data-ultimate-target='#counter-responsv-wrap-4267 .stats-number'  data-responsive-json-new='{\"font-size\":\"desktop:50px;\",\"line-height\":\"\"}'  class=\"stats-number ult-responsive\" style=\" color:__USE_THEME_MAIN_COLOR__; font-family:&#039;Hind&#039;;font-weight:500;color:#333333;\" data-speed=\"3\" data-counter-value=\"95\" data-separator=\",\" data-decimal=\".\">0<\/div><div id=\"title-counter_111682034869f579f53a7bd\"  data-ultimate-target='#counter-responsv-wrap-4267 .stats-text'  data-responsive-json-new='{\"font-size\":\"desktop:10px;\",\"line-height\":\"\"}'  class=\"stats-text ult-responsive\" style=\"font-size:px; color:__USE_THEME_MAIN_COLOR__; font-family:&#039;Dosis&#039;;font-weight:600;\">CLIENTS<\/div><\/div><\/div>[\/vc_column][vc_column width=&#8221;1\/4&#8243;]<div class=\"stats-block stats-top  \"><div class=\"aio-icon-top\"><div class=\"ult-just-icon-wrapper  \"><div class=\"align-icon\" style=\"text-align:center;\">\n<div class=\"aio-icon none \"  style=\"font-size:0px;display:inline-block;\">\n\t<i class=\"none\"><\/i>\n<\/div><\/div><\/div><\/div><div class=\"stats-desc\" id=\"counter-responsv-wrap-5270\"><div id=\"counter_30212001069f579f53a823\" data-id=\"counter_30212001069f579f53a823\"  data-ultimate-target='#counter-responsv-wrap-5270 .stats-number'  data-responsive-json-new='{\"font-size\":\"desktop:50px;\",\"line-height\":\"\"}'  class=\"stats-number ult-responsive\" style=\" color:__USE_THEME_MAIN_COLOR__; font-family:&#039;Hind&#039;;font-weight:500;color:#333333;\" data-speed=\"3\" data-counter-value=\"11250\" data-separator=\"none\" data-decimal=\"none\">0<\/div><div id=\"title-counter_30212001069f579f53a823\"  data-ultimate-target='#counter-responsv-wrap-5270 .stats-text'  data-responsive-json-new='{\"font-size\":\"desktop:10px;\",\"line-height\":\"\"}'  class=\"stats-text ult-responsive\" style=\"font-size:px; color:__USE_THEME_MAIN_COLOR__; font-family:&#039;Dosis&#039;;font-weight:600;\">SOCIAL FOLLOWERS<\/div><\/div><\/div>[\/vc_column][\/vc_row][vc_row full_width=&#8221;stretch_row_content_no_spaces&#8221; equal_height=&#8221;yes&#8221; content_placement=&#8221;middle&#8221; bg_type=&#8221;bg_color&#8221; bg_override=&#8221;ex-full&#8221; ult_hide_row=&#8221;ult_hide_row_value&#8221; ult_hide_row_mobile=&#8221;mobile&#8221; ult_hide_row_mobile_large=&#8221;xl_mobile&#8221; bg_color_value=&#8221;#f2f2f2&#8243;][vc_column css_animation=&#8221;fadeInUp&#8221; width=&#8221;1\/2&#8243;][vc_row_inner el_class=&#8221;mobile-text-left&#8221;][vc_column_inner width=&#8221;1\/6&#8243;][\/vc_column_inner][vc_column_inner width=&#8221;2\/3&#8243;]<div class=\"ult-spacer spacer-69f579f53a848\" data-id=\"69f579f53a848\" data-height=\"\" data-height-mobile=\"40\" data-height-tab=\"\" data-height-tab-portrait=\"\" data-height-mobile-landscape=\"40\" style=\"clear:both;display:block;\"><\/div>[vc_custom_heading text=&#8221;DESIGN | DEVELOPMENT&#8221; font_container=&#8221;tag:h6|text_align:center&#8221; use_theme_fonts=&#8221;yes&#8221;][vc_custom_heading text=&#8221;WE CAN HELP&#8221; font_container=&#8221;tag:h2|text_align:center&#8221; use_theme_fonts=&#8221;yes&#8221;][vc_empty_space height=&#8221;20px&#8221;][vc_column_text]<\/p>\n<p style=\"text-align: center;\">Lorem Ipsum is simply dummy text of the printing and typesetting industry. Lorem Ipsum has been the industry&#8217;s standard dummy text ever since the 1500s, when an unknown printer took a book.<\/p>\n<p>[\/vc_column_text][vc_empty_space height=&#8221;20px&#8221;]<span id=\"creative-link-wrap-3695\" class=\"ult_main_cl ult-adjust-bottom-margin style-ten  vc_custom_1620854564326\" >\n\t \t\t\t<span class=\"ult_cl_link_11  ult_crlink\" >\n\t\t\t\t\t<a  data-ultimate-target='#creative-link-wrap-3695 .ult_colorlink'  data-responsive-json-new='{\"font-size\":\"desktop:12px;\",\"line-height\":\"desktop:16px;\"}'  href=\"#\" title=\"WHAT WE DO\"  class=\"ult_colorlink ult-responsive \" style=\"font-family:Open Sans;font-weight:600; \"  data-textcolor=\"#ffffff\" data-texthover=\"#000000\"data-style=\"Style_11\">\n\t\t\t\t\t\t<span class=\"ult_link_top ult_btn11_link_top \" style=\"background:#ffcc00;color:#000000;;padding-top: 10px !important;padding-right: 20px !important;padding-bottom: 10px !important;padding-left: 20px !important;\">WHAT WE DO<\/span>\n\t\t\t\t\t\t<span data-hover=\"WHAT WE DO\" style=\"color:#ffffff;;background:#000000;;padding-top: 10px !important;padding-right: 20px !important;padding-bottom: 10px !important;padding-left: 20px !important;\" class=\"ult_btn10_span   \">WHAT WE DO<\/span>\n\t\t\t\t\t\t\n\t\t\t\t\t<\/a>\n\t\t\t\t<\/span>\n\t\t\t<\/span><div class=\"ult-spacer spacer-69f579f53a88d\" data-id=\"69f579f53a88d\" data-height=\"\" data-height-mobile=\"40\" data-height-tab=\"\" data-height-tab-portrait=\"\" data-height-mobile-landscape=\"40\" style=\"clear:both;display:block;\"><\/div>[\/vc_column_inner][vc_column_inner width=&#8221;1\/6&#8243;][\/vc_column_inner][\/vc_row_inner][\/vc_column][vc_column width=&#8221;1\/2&#8243;][vc_single_image image=&#8221;268&#8243; img_size=&#8221;full&#8221;][\/vc_column][\/vc_row][vc_row full_width=&#8221;stretch_row_content_no_spaces&#8221; equal_height=&#8221;yes&#8221; content_placement=&#8221;middle&#8221; bg_type=&#8221;bg_color&#8221; bg_override=&#8221;ex-full&#8221; ult_hide_row=&#8221;ult_hide_row_value&#8221; ult_hide_row_large_screen=&#8221;large_screen&#8221; ult_hide_row_desktop=&#8221;desktop&#8221; ult_hide_row_tablet=&#8221;tablet&#8221; ult_hide_row_tablet_small=&#8221;xs_tablet&#8221; bg_color_value=&#8221;#f2f2f2&#8243; el_id=&#8221;for-mobile-only&#8221;][vc_column width=&#8221;1\/2&#8243;][vc_single_image image=&#8221;268&#8243; img_size=&#8221;full&#8221;][\/vc_column][vc_column css_animation=&#8221;fadeInUp&#8221; width=&#8221;1\/2&#8243;][vc_row_inner el_class=&#8221;mobile-text-left&#8221;][vc_column_inner width=&#8221;1\/6&#8243;][\/vc_column_inner][vc_column_inner width=&#8221;2\/3&#8243;]<div class=\"ult-spacer spacer-69f579f53a899\" data-id=\"69f579f53a899\" data-height=\"\" data-height-mobile=\"40\" data-height-tab=\"\" data-height-tab-portrait=\"\" data-height-mobile-landscape=\"40\" style=\"clear:both;display:block;\"><\/div>[vc_custom_heading text=&#8221;DESIGN | DEVELOPMENT&#8221; font_container=&#8221;tag:h6|text_align:center&#8221; use_theme_fonts=&#8221;yes&#8221;][vc_custom_heading text=&#8221;WE CAN HELP&#8221; font_container=&#8221;tag:h2|text_align:center&#8221; use_theme_fonts=&#8221;yes&#8221;][vc_empty_space height=&#8221;20px&#8221;][vc_column_text]<\/p>\n<p style=\"text-align: center;\">Lorem Ipsum is simply dummy text of the printing and typesetting industry. Lorem Ipsum has been the industry&#8217;s standard dummy text ever since the 1500s, when an unknown printer took a book.<\/p>\n<p>[\/vc_column_text][vc_empty_space height=&#8221;20px&#8221;]<span id=\"creative-link-wrap-9245\" class=\"ult_main_cl ult-adjust-bottom-margin style-ten  vc_custom_1620854564326\" >\n\t \t\t\t<span class=\"ult_cl_link_11  ult_crlink\" >\n\t\t\t\t\t<a  data-ultimate-target='#creative-link-wrap-9245 .ult_colorlink'  data-responsive-json-new='{\"font-size\":\"desktop:12px;\",\"line-height\":\"desktop:16px;\"}'  href=\"#\" title=\"WHAT WE DO\"  class=\"ult_colorlink ult-responsive \" style=\"font-family:Open Sans;font-weight:600; \"  data-textcolor=\"#ffffff\" data-texthover=\"#000000\"data-style=\"Style_11\">\n\t\t\t\t\t\t<span class=\"ult_link_top ult_btn11_link_top \" style=\"background:#ffcc00;color:#000000;;padding-top: 10px !important;padding-right: 20px !important;padding-bottom: 10px !important;padding-left: 20px !important;\">WHAT WE DO<\/span>\n\t\t\t\t\t\t<span data-hover=\"WHAT WE DO\" style=\"color:#ffffff;;background:#000000;;padding-top: 10px !important;padding-right: 20px !important;padding-bottom: 10px !important;padding-left: 20px !important;\" class=\"ult_btn10_span   \">WHAT WE DO<\/span>\n\t\t\t\t\t\t\n\t\t\t\t\t<\/a>\n\t\t\t\t<\/span>\n\t\t\t<\/span><div class=\"ult-spacer spacer-69f579f53a8c9\" data-id=\"69f579f53a8c9\" data-height=\"\" data-height-mobile=\"40\" data-height-tab=\"\" data-height-tab-portrait=\"\" data-height-mobile-landscape=\"40\" style=\"clear:both;display:block;\"><\/div>[\/vc_column_inner][vc_column_inner width=&#8221;1\/6&#8243;][\/vc_column_inner][\/vc_row_inner][\/vc_column][\/vc_row][vc_row bg_type=&#8221;bg_color&#8221; bg_override=&#8221;ex-full&#8221; css=&#8221;.vc_custom_1620853144397{padding-top: 100px !important;padding-bottom: 100px !important;}&#8221; bg_color_value=&#8221;#101010&#8243;][vc_column width=&#8221;1\/4&#8243;][\/vc_column][vc_column width=&#8221;1\/2&#8243;][vc_custom_heading text=&#8221;Pre-Sale Questions&#8221; font_container=&#8221;tag:h4|text_align:center|color:%23f0f0f0&#8243; use_theme_fonts=&#8221;yes&#8221;][vc_custom_heading text=&#8221;Prospective functionalities for interactive commun generate economically sound infrastructures before process.&#8221; font_container=&#8221;tag:p|font_size:15px|text_align:center|color:%23cecece|line_height:25px&#8221; use_theme_fonts=&#8221;yes&#8221;][vc_empty_space height=&#8221;10px&#8221;]<span id=\"creative-link-wrap-6610\" class=\"ult_main_cl ult-adjust-bottom-margin style-ten  vc_custom_1620853100100\" >\n\t \t\t\t<span class=\"ult_cl_link_11  ult_crlink\" >\n\t\t\t\t\t<a  data-ultimate-target='#creative-link-wrap-6610 .ult_colorlink'  data-responsive-json-new='{\"font-size\":\"desktop:12px;\",\"line-height\":\"desktop:16px;\"}'  href=\"#\" title=\"FULL SUPPORT\"  class=\"ult_colorlink ult-responsive \" style=\"font-family:Open Sans;font-weight:600; \"  data-textcolor=\"#000000\" data-texthover=\"#000000\"data-style=\"Style_11\">\n\t\t\t\t\t\t<span class=\"ult_link_top ult_btn11_link_top \" style=\"background:#ffffff;color:#000000;;padding-top: 10px !important;padding-right: 20px !important;padding-bottom: 10px !important;padding-left: 20px !important;\">FULL SUPPORT<\/span>\n\t\t\t\t\t\t<span data-hover=\"FULL SUPPORT\" style=\"color:#000000;;background:#ffcc00;;padding-top: 10px !important;padding-right: 20px !important;padding-bottom: 10px !important;padding-left: 20px !important;\" class=\"ult_btn10_span   \">FULL SUPPORT<\/span>\n\t\t\t\t\t\t\n\t\t\t\t\t<\/a>\n\t\t\t\t<\/span>\n\t\t\t<\/span>[\/vc_column][vc_column width=&#8221;1\/4&#8243;][\/vc_column][\/vc_row]<\/p>\n<\/div>","protected":false},"excerpt":{"rendered":"<p>[vc_row full_width=&#8221;stretch_row_content_no_spaces&#8221; equal_height=&#8221;yes&#8221; content_placement=&#8221;middle&#8221; bg_type=&#8221;bg_color&#8221; bg_override=&#8221;ex-full&#8221; bg_color_value=&#8221;#f2f2f2&#8243;][vc_column width=&#8221;1\/2&#8243;][vc_single_image image=&#8221;694&#8243; img_size=&#8221;full&#8221;][\/vc_column][vc_column css_animation=&#8221;fadeInUp&#8221; width=&#8221;1\/2&#8243;][vc_row_inner el_class=&#8221;mobile-text-left&#8221;][vc_column_inner width=&#8221;1\/6&#8243;][\/vc_column_inner][vc_column_inner width=&#8221;2\/3&#8243;][vc_custom_heading text=&#8221;\u015fah yayc\u0131&#8221; font_container=&#8221;tag:h6|text_align:center&#8221; use_theme_fonts=&#8221;yes&#8221;][vc_custom_heading text=&#8221;ALLINALL PROJECT&#8221; font_container=&#8221;tag:h2|text_align:center&#8221; use_theme_fonts=&#8221;yes&#8221;][vc_empty_space height=&#8221;20px&#8221;][vc_column_text] Ge\u00e7mi\u015fte \u015eah\u2019ane Fikirler ad\u0131yla kurdu\u011fu firman\u0131n bir uzant\u0131s\u0131 olan All in All Project isimli \u015firketinde marka ve kurumlarla proje ve fikir odakl\u0131, 360 derece planlama yap\u0131yor [\/vc_column_text][vc_empty_space height=&#8221;20px&#8221;][\/vc_column_inner][vc_column_inner width=&#8221;1\/6&#8243;][\/vc_column_inner][\/vc_row_inner][\/vc_column][\/vc_row][vc_row css_animation=&#8221;fadeInUp&#8221; bg_type=&#8221;bg_color&#8221; [&hellip;]<\/p>\n","protected":false},"author":2,"featured_media":0,"parent":0,"menu_order":0,"comment_status":"closed","ping_status":"closed","template":"one-page-template.php","meta":{"footnotes":""},"class_list":["post-244","page","type-page","status-publish","hentry"],"_links":{"self":[{"href":"https:\/\/www.allinallproject.com\/index.php\/wp-json\/wp\/v2\/pages\/244","targetHints":{"allow":["GET"]}}],"collection":[{"href":"https:\/\/www.allinallproject.com\/index.php\/wp-json\/wp\/v2\/pages"}],"about":[{"href":"https:\/\/www.allinallproject.com\/index.php\/wp-json\/wp\/v2\/types\/page"}],"author":[{"embeddable":true,"href":"https:\/\/www.allinallproject.com\/index.php\/wp-json\/wp\/v2\/users\/2"}],"replies":[{"embeddable":true,"href":"https:\/\/www.allinallproject.com\/index.php\/wp-json\/wp\/v2\/comments?post=244"}],"version-history":[{"count":7,"href":"https:\/\/www.allinallproject.com\/index.php\/wp-json\/wp\/v2\/pages\/244\/revisions"}],"predecessor-version":[{"id":701,"href":"https:\/\/www.allinallproject.com\/index.php\/wp-json\/wp\/v2\/pages\/244\/revisions\/701"}],"wp:attachment":[{"href":"https:\/\/www.allinallproject.com\/index.php\/wp-json\/wp\/v2\/media?parent=244"}],"curies":[{"name":"wp","href":"https:\/\/api.w.org\/{rel}","templated":true}]}}