{"id":242,"date":"2021-05-12T22:21:00","date_gmt":"2021-05-12T22:21:00","guid":{"rendered":"https:\/\/preview.treethemes.com\/hazel\/demo11\/?page_id=242"},"modified":"2021-05-12T22:21:00","modified_gmt":"2021-05-12T22:21:00","slug":"home","status":"publish","type":"page","link":"https:\/\/www.allinallproject.com\/","title":{"rendered":"Home"},"content":{"rendered":"<div class=\"wpb-content-wrapper\"><p>[vc_row css_animation=&#8221;fadeIn&#8221;][vc_column]\n\t\t\t<!-- START Home 11 REVOLUTION SLIDER 6.6.18 --><p class=\"rs-p-wp-fix\"><\/p>\n\t\t\t<rs-module-wrap id=\"welcome_wrapper\" data-source=\"gallery\" style=\"visibility:hidden;background:#111010;padding:0;\">\n\t\t\t\t<rs-module id=\"welcome\" style=\"\" data-version=\"6.6.18\">\n\t\t\t\t\t<rs-slides style=\"overflow: hidden; position: absolute;\">\n\t\t\t\t\t\t<rs-slide style=\"position: absolute;\" data-key=\"rs-2\" data-title=\"Slide\" data-duration=\"15000ms\" data-in=\"o:0;\" data-out=\"a:false;\">\n\t\t\t\t\t\t\t<img decoding=\"async\" src=\"\/\/www.allinallproject.com\/wp-content\/plugins\/revslider\/public\/assets\/assets\/dummy.png\" alt=\"\" title=\"Home\" class=\"rev-slidebg tp-rs-img rs-lazyload\" data-lazyload=\"\/\/img.youtube.com\/vi\/KWYu1i-QUvI\/sddefault.jpg\" data-no-retina>\n\t\t\t\t\t\t\t<rs-bgvideo \n\t\t\t\t\t\t\t\tdata-video=\"vc:none;w:100%;h:100%;nse:false;l:true;ptimer:false;\"\n\t\t\t\t\t\t\t\tdata-ytid=\"KWYu1i-QUvI\"\n\t\t\t\t\t\t\t\tdata-vatr=\"version=3&amp;enablejsapi=1&amp;html5=1&amp;hd=1&amp;wmode=opaque&amp;showinfo=0&amp;rel=0&amp;origin=https:\/\/www.allinallproject.com;\"\n\t\t\t\t\t\t\t><\/rs-bgvideo>\n<!--\n\t\t\t\t\t\t\t--><rs-layer\n\t\t\t\t\t\t\t\tid=\"slider-2-slide-2-layer-0\" \n\t\t\t\t\t\t\t\tclass=\"home1-text1\"\n\t\t\t\t\t\t\t\tdata-type=\"text\"\n\t\t\t\t\t\t\t\tdata-color=\"#777777\"\n\t\t\t\t\t\t\t\tdata-xy=\"x:c;y:m;yo:-90px,-90px,-50px,-45px;\"\n\t\t\t\t\t\t\t\tdata-text=\"w:normal;s:25,25,16,14;l:30,30,25,20;ls:15px,15px,5px,3px;fw:500,500,500,600;a:center;\"\n\t\t\t\t\t\t\t\tdata-dim=\"w:auto,auto,454px,321px;h:auto,auto,26px,22px;\"\n\t\t\t\t\t\t\t\tdata-basealign=\"slide\"\n\t\t\t\t\t\t\t\tdata-rsp_o=\"off\"\n\t\t\t\t\t\t\t\tdata-rsp_bd=\"off\"\n\t\t\t\t\t\t\t\tdata-padding=\"b:10;l:10,10,10,7;\"\n\t\t\t\t\t\t\t\tdata-frame_1=\"e:power4.inOut;sp:1500;\"\n\t\t\t\t\t\t\t\tdata-frame_999=\"o:0;st:w;sR:13500;\"\n\t\t\t\t\t\t\t\tstyle=\"z-index:11;font-family:'Dosis';\"\n\t\t\t\t\t\t\t>MERHABA BEN \u015eAH YAYCI \n\t\t\t\t\t\t\t<\/rs-layer><!--\n\n\t\t\t\t\t\t\t--><rs-layer\n\t\t\t\t\t\t\t\tid=\"slider-2-slide-2-layer-1\" \n\t\t\t\t\t\t\t\tdata-type=\"text\"\n\t\t\t\t\t\t\t\tdata-xy=\"x:c;y:m;yo:0,0,-10px,-5px;\"\n\t\t\t\t\t\t\t\tdata-text=\"w:normal;s:60,60,25,30;l:80,80,30,30;ls:20px,20px,15px,5px;fw:400,400,600,400;a:center;\"\n\t\t\t\t\t\t\t\tdata-dim=\"w:875.141px,875.141px,550px,330px;\"\n\t\t\t\t\t\t\t\tdata-basealign=\"slide\"\n\t\t\t\t\t\t\t\tdata-rsp_o=\"off\"\n\t\t\t\t\t\t\t\tdata-rsp_bd=\"off\"\n\t\t\t\t\t\t\t\tdata-padding=\"b:10;l:10,10,17,17;\"\n\t\t\t\t\t\t\t\tdata-ford=\"frame_0;frame_1;frame_2;frame_3;frame_999;\"\n\t\t\t\t\t\t\t\tdata-frame_0=\"o:1;oZ:-50;\"\n\t\t\t\t\t\t\t\tdata-frame_0_chars=\"d:5;y:cyc(-100|100);o:0;rX:0deg;\"\n\t\t\t\t\t\t\t\tdata-frame_0_mask=\"u:t;\"\n\t\t\t\t\t\t\t\tdata-frame_1=\"oZ:-50;sp:1500;\"\n\t\t\t\t\t\t\t\tdata-frame_1_chars=\"e:power4.out;dir:random;d:5;\"\n\t\t\t\t\t\t\t\tdata-frame_1_mask=\"u:t;\"\n\t\t\t\t\t\t\t\tdata-frame_999=\"o:0;st:w;sR:4210;\"\n\t\t\t\t\t\t\t\tdata-frame_2=\"oZ:-50;tp:600px;st:2800;sp:1000;sR:750;\"\n\t\t\t\t\t\t\t\tdata-frame_2_chars=\"e:power2.inOut;dir:random;d:3;y:cyc(-100|100);o:0;oX:50%;oY:50%;oZ:0;\"\n\t\t\t\t\t\t\t\tdata-frame_2_mask=\"u:t;\"\n\t\t\t\t\t\t\t\tdata-frame_3=\"oZ:-50;tp:600px;st:10690;sp:100;sR:6560;\"\n\t\t\t\t\t\t\t\tdata-frame_3_mask=\"u:t;\"\n\t\t\t\t\t\t\t\tdata-tloop=\"t:frame_3;\"\n\t\t\t\t\t\t\t\tstyle=\"z-index:10;font-family:'Josefin Sans';\"\n\t\t\t\t\t\t\t>ALL in ALL project \n\t\t\t\t\t\t\t<\/rs-layer><!--\n\n\t\t\t\t\t\t\t--><rs-layer\n\t\t\t\t\t\t\t\tid=\"slider-2-slide-2-layer-9\" \n\t\t\t\t\t\t\t\tdata-type=\"text\"\n\t\t\t\t\t\t\t\tdata-xy=\"x:c;y:m;yo:0,0,-10px,-5px;\"\n\t\t\t\t\t\t\t\tdata-text=\"w:normal;s:60,60,25,30;l:80,80,30,30;ls:15px,15px,15px,1px;fw:400,400,600,400;a:center;\"\n\t\t\t\t\t\t\t\tdata-dim=\"w:auto,auto,550px,465px;\"\n\t\t\t\t\t\t\t\tdata-basealign=\"slide\"\n\t\t\t\t\t\t\t\tdata-rsp_o=\"off\"\n\t\t\t\t\t\t\t\tdata-rsp_bd=\"off\"\n\t\t\t\t\t\t\t\tdata-padding=\"b:10;l:0,0,15,10;\"\n\t\t\t\t\t\t\t\tdata-ford=\"frame_0;frame_1;frame_2;frame_4;frame_3;frame_999;\"\n\t\t\t\t\t\t\t\tdata-frame_0=\"oZ:-50;\"\n\t\t\t\t\t\t\t\tdata-frame_0_chars=\"d:5;y:cyc(-100|100);o:0;rX:0deg;\"\n\t\t\t\t\t\t\t\tdata-frame_0_mask=\"u:t;\"\n\t\t\t\t\t\t\t\tdata-frame_1=\"oZ:-50;sp:500;\"\n\t\t\t\t\t\t\t\tdata-frame_1_chars=\"e:power4.inOut;dir:random;d:0;y:cyc(-100|100);o:0;\"\n\t\t\t\t\t\t\t\tdata-frame_1_mask=\"u:t;\"\n\t\t\t\t\t\t\t\tdata-frame_999=\"o:0;st:w;sR:4210;\"\n\t\t\t\t\t\t\t\tdata-frame_2=\"x:0;y:0;z:0;sX:1;sY:1;o:1;rX:0;rY:0;rZ:0;skX:0;skY:0;oZ:-50;tp:600px;st:3200;sp:1500;sR:2700;\"\n\t\t\t\t\t\t\t\tdata-frame_2_chars=\"e:power4.out;dir:random;d:5;x:0;y:0;z:0;sX:1;sY:1;o:1;rX:0;rY:0;rZ:0;skX:0;skY:0;oX:50%;oY:50%;oZ:0;\"\n\t\t\t\t\t\t\t\tdata-frame_2_mask=\"u:t;x:0;y:0;\"\n\t\t\t\t\t\t\t\tdata-frame_3=\"oZ:-50;tp:600px;st:10690;sp:100;sR:3250;\"\n\t\t\t\t\t\t\t\tdata-frame_3_mask=\"u:t;\"\n\t\t\t\t\t\t\t\tdata-frame_4=\"oZ:-50;tp:600px;st:6050;sp:1000;sR:700;\"\n\t\t\t\t\t\t\t\tdata-frame_4_chars=\"e:power2.inOut;dir:random;d:3;y:cyc(-100|100);o:0;oX:50%;oY:50%;oZ:0;\"\n\t\t\t\t\t\t\t\tdata-frame_4_mask=\"u:t;\"\n\t\t\t\t\t\t\t\tdata-tloop=\"t:frame_3;\"\n\t\t\t\t\t\t\t\tstyle=\"z-index:9;font-family:'Josefin Sans';\"\n\t\t\t\t\t\t\t>ya\u015fam\u0131n \u0130\u00c7\u0130NDE ol \n\t\t\t\t\t\t\t<\/rs-layer><!--\n\n\t\t\t\t\t\t\t--><rs-layer\n\t\t\t\t\t\t\t\tid=\"slider-2-slide-2-layer-10\" \n\t\t\t\t\t\t\t\tdata-type=\"text\"\n\t\t\t\t\t\t\t\tdata-xy=\"x:c;y:m;yo:0,0,-10px,-5px;\"\n\t\t\t\t\t\t\t\tdata-text=\"w:normal;s:60,60,25,30;l:80,80,30,30;ls:15px,15px,15px,1px;fw:400,400,600,400;a:center;\"\n\t\t\t\t\t\t\t\tdata-dim=\"w:auto,auto,550px,330px;\"\n\t\t\t\t\t\t\t\tdata-basealign=\"slide\"\n\t\t\t\t\t\t\t\tdata-rsp_o=\"off\"\n\t\t\t\t\t\t\t\tdata-rsp_bd=\"off\"\n\t\t\t\t\t\t\t\tdata-padding=\"b:10;l:0,0,15,10;\"\n\t\t\t\t\t\t\t\tdata-ford=\"frame_0;frame_1;frame_4;frame_5;frame_3;frame_999;\"\n\t\t\t\t\t\t\t\tdata-frame_0=\"oZ:-50;\"\n\t\t\t\t\t\t\t\tdata-frame_0_chars=\"d:5;y:cyc(-100|100);o:0;rX:0deg;\"\n\t\t\t\t\t\t\t\tdata-frame_0_mask=\"u:t;\"\n\t\t\t\t\t\t\t\tdata-frame_1=\"oZ:-50;sp:500;\"\n\t\t\t\t\t\t\t\tdata-frame_1_chars=\"e:power4.inOut;dir:random;d:0;y:cyc(-100|100);o:0;\"\n\t\t\t\t\t\t\t\tdata-frame_1_mask=\"u:t;\"\n\t\t\t\t\t\t\t\tdata-frame_999=\"o:0;st:w;sR:4210;\"\n\t\t\t\t\t\t\t\tdata-frame_3=\"oZ:-50;tp:600px;st:10690;sp:100;\"\n\t\t\t\t\t\t\t\tdata-frame_3_mask=\"u:t;\"\n\t\t\t\t\t\t\t\tdata-frame_4=\"x:0;y:0;z:0;sX:1;sY:1;o:1;rX:0;rY:0;rZ:0;skX:0;skY:0;oZ:-50;tp:600px;st:6450;sp:1500;sR:5950;\"\n\t\t\t\t\t\t\t\tdata-frame_4_chars=\"e:power4.out;dir:random;d:5;x:0;y:0;z:0;sX:1;sY:1;o:1;rX:0;rY:0;rZ:0;skX:0;skY:0;oX:50%;oY:50%;oZ:0;\"\n\t\t\t\t\t\t\t\tdata-frame_4_mask=\"u:t;x:0;y:0;\"\n\t\t\t\t\t\t\t\tdata-frame_5=\"oZ:-50;tp:600px;st:9300;sp:1000;sR:700;\"\n\t\t\t\t\t\t\t\tdata-frame_5_chars=\"e:power2.inOut;dir:random;d:3;y:cyc(-100|100);o:0;oX:50%;oY:50%;oZ:0;\"\n\t\t\t\t\t\t\t\tdata-frame_5_mask=\"u:t;\"\n\t\t\t\t\t\t\t\tdata-tloop=\"t:frame_3;\"\n\t\t\t\t\t\t\t\tstyle=\"z-index:8;font-family:'Josefin Sans';\"\n\t\t\t\t\t\t\t>ya\u015f\u0131n\u0131n \u0130Y\u0130S\u0130 ol \n\t\t\t\t\t\t\t<\/rs-layer><!--\n\n\t\t\t\t\t\t\t--><rs-layer\n\t\t\t\t\t\t\t\tid=\"slider-2-slide-2-layer-11\" \n\t\t\t\t\t\t\t\tdata-type=\"shape\"\n\t\t\t\t\t\t\t\tdata-xy=\"x:c;y:m;\"\n\t\t\t\t\t\t\t\tdata-text=\"w:normal;\"\n\t\t\t\t\t\t\t\tdata-dim=\"w:100%;h:100%;\"\n\t\t\t\t\t\t\t\tdata-basealign=\"slide\"\n\t\t\t\t\t\t\t\tdata-rsp_o=\"off\"\n\t\t\t\t\t\t\t\tdata-rsp_bd=\"off\"\n\t\t\t\t\t\t\t\tdata-frame_999=\"o:0;st:w;sR:14700;\"\n\t\t\t\t\t\t\t\tstyle=\"z-index:7;background-color:rgba(23,23,23,0.8);\"\n\t\t\t\t\t\t\t> \n\t\t\t\t\t\t\t<\/rs-layer><!--\n-->\t\t\t\t\t\t<\/rs-slide>\n\t\t\t\t\t<\/rs-slides>\n\t\t\t\t<\/rs-module>\n\t\t\t\t<script>\n\t\t\t\t\tsetREVStartSize({c: 'welcome',rl:[1240,1240,778,480],el:[900,900,500,500],gw:[1240,1240,778,480],gh:[900,900,500,500],type:'hero',justify:'',layout:'fullscreen',offsetContainer:'',offset:'',mh:\"0\"});if (window.RS_MODULES!==undefined && window.RS_MODULES.modules!==undefined && window.RS_MODULES.modules[\"welcome\"]!==undefined) {window.RS_MODULES.modules[\"welcome\"].once = false;window.revapi2 = undefined;if (window.RS_MODULES.checkMinimal!==undefined) window.RS_MODULES.checkMinimal()}\n\t\t\t\t<\/script>\n\t\t\t\t<script src=\"https:\/\/www.youtube.com\/iframe_api\"><\/script>\n\t\t\t<\/rs-module-wrap>\n\t\t\t<!-- END REVOLUTION SLIDER -->\n[\/vc_column][\/vc_row]<\/p>\n<\/div>","protected":false},"excerpt":{"rendered":"<p>[vc_row css_animation=&#8221;fadeIn&#8221;][vc_column][\/vc_column][\/vc_row]<\/p>\n","protected":false},"author":2,"featured_media":0,"parent":0,"menu_order":0,"comment_status":"closed","ping_status":"closed","template":"template-home.php","meta":{"footnotes":""},"class_list":["post-242","page","type-page","status-publish","hentry"],"_links":{"self":[{"href":"https:\/\/www.allinallproject.com\/index.php\/wp-json\/wp\/v2\/pages\/242","targetHints":{"allow":["GET"]}}],"collection":[{"href":"https:\/\/www.allinallproject.com\/index.php\/wp-json\/wp\/v2\/pages"}],"about":[{"href":"https:\/\/www.allinallproject.com\/index.php\/wp-json\/wp\/v2\/types\/page"}],"author":[{"embeddable":true,"href":"https:\/\/www.allinallproject.com\/index.php\/wp-json\/wp\/v2\/users\/2"}],"replies":[{"embeddable":true,"href":"https:\/\/www.allinallproject.com\/index.php\/wp-json\/wp\/v2\/comments?post=242"}],"version-history":[{"count":0,"href":"https:\/\/www.allinallproject.com\/index.php\/wp-json\/wp\/v2\/pages\/242\/revisions"}],"wp:attachment":[{"href":"https:\/\/www.allinallproject.com\/index.php\/wp-json\/wp\/v2\/media?parent=242"}],"curies":[{"name":"wp","href":"https:\/\/api.w.org\/{rel}","templated":true}]}}